{"id":9463,"date":"2024-09-26T09:06:47","date_gmt":"2024-09-26T07:06:47","guid":{"rendered":"https:\/\/xenexdesign.com\/sluzby\/dizajn\/"},"modified":"2025-02-24T08:35:22","modified_gmt":"2025-02-24T07:35:22","slug":"dizajn","status":"publish","type":"page","link":"https:\/\/xenexdesign.com\/sk\/sluzby\/dizajn\/","title":{"rendered":"Dizajn"},"content":{"rendered":"\t\t<div data-elementor-type=\"wp-page\" data-elementor-id=\"9463\" class=\"elementor elementor-9463 elementor-7444\" data-elementor-post-type=\"page\">\n\t\t\t\t<div class=\"elementor-element elementor-element-8abfd03 e-flex e-con-boxed lakit-col-width-auto-no e-container e-root-container elementor-top-section e-con e-parent\" data-id=\"8abfd03\" data-element_type=\"container\" data-settings=\"{&quot;background_background&quot;:&quot;classic&quot;}\">\n\t\t\t\t\t<div class=\"e-con-inner\">\n\t\t\t\t<div class=\"elementor-element elementor-element-c5feccd elementor-invisible elementor-widget elementor-widget-heading\" data-id=\"c5feccd\" data-element_type=\"widget\" data-settings=\"{&quot;_animation&quot;:&quot;fadeInUp&quot;}\" data-widget_type=\"heading.default\">\n\t\t\t\t\t<h1 class=\"elementor-heading-title elementor-size-default\">Na\u0161e slu\u017eby<\/h1>\t\t\t\t<\/div>\n\t\t\t\t\t<\/div>\n\t\t\t\t<\/div>\n\t\t<div class=\"elementor-element elementor-element-e6c637c e-flex e-con-boxed lakit-col-width-auto-no e-container e-root-container elementor-top-section e-con e-parent\" data-id=\"e6c637c\" data-element_type=\"container\" data-settings=\"{&quot;background_background&quot;:&quot;classic&quot;}\">\n\t\t\t\t\t<div class=\"e-con-inner\">\n\t\t\t\t\t<\/div>\n\t\t\t\t<\/div>\n\t\t<div class=\"elementor-element elementor-element-f301eaf e-flex e-con-boxed lakit-col-width-auto-no e-container e-root-container elementor-top-section e-con e-parent\" data-id=\"f301eaf\" data-element_type=\"container\" data-settings=\"{&quot;background_background&quot;:&quot;classic&quot;}\">\n\t\t\t\t\t<div class=\"e-con-inner\">\n\t\t<div class=\"elementor-element elementor-element-df97808 e-con-full services-sidebar e-flex lakit-col-width-auto-no e-container e-con e-child\" data-id=\"df97808\" data-element_type=\"container\" data-settings=\"{&quot;background_background&quot;:&quot;classic&quot;}\">\n\t\t\t\t<div class=\"elementor-element elementor-element-2f84b20 lakit-nav-line-animation-none elementor-invisible elementor-widget lastudio-kit elementor-lakit-nav-menu\" data-id=\"2f84b20\" data-element_type=\"widget\" data-settings=\"{&quot;_animation&quot;:&quot;fadeInLeft&quot;}\" data-widget_type=\"lakit-nav-menu.default\">\n\t\t\t\t\t<div class=\"lakit-nav-wrap lakit-nav-wrap-2f84b20\" data-effect=\"\" data-dlconfig=\"{&quot;backtext&quot;:&quot;&lt;span&gt;Back&lt;\\\/span&gt;&quot;,&quot;backicon&quot;:null,&quot;triggericon&quot;:&quot;&lt;i class=\\&quot;lastudioicon-right-arrow\\&quot;&gt;&lt;\\\/i&gt;&quot;}\"><div class=\"lakit-nav-menuwrap lakit-nav-menuwrap-2f84b20\"><div class=\"lakit-nav lakit-nav-2f84b20 lakit-nav--vertical lakit-nav--vertical-sub-right-side\"><div class=\"menu-item menu-item-type-post_type menu-item-object-page lakit-nav-id-2f84b20 lakit-nav__item--default lakit-nav__item-10653 lakit-nav__item\"><a href=\"https:\/\/xenexdesign.com\/sk\/sluzby\/dizajn\/\" class=\"menu-item-link menu-item-link-depth-0 menu-item-link-top\"><span class=\"lakit-nav-link-inner\" style=\"\"><span class=\"lakit-nav-link-text\"><span class=\"menu-text\">Dizajn<\/span><\/span><\/span><\/a><\/div>\n<div class=\"menu-item menu-item-type-post_type menu-item-object-page lakit-nav-id-2f84b20 lakit-nav__item--default lakit-nav__item-10654 lakit-nav__item\"><a href=\"https:\/\/xenexdesign.com\/sk\/sluzby\/vyroba\/\" class=\"menu-item-link menu-item-link-depth-0 menu-item-link-top\"><span class=\"lakit-nav-link-inner\" style=\"\"><span class=\"lakit-nav-link-text\"><span class=\"menu-text\">V\u00fdroba<\/span><\/span><\/span><\/a><\/div>\n<div class=\"menu-item menu-item-type-post_type menu-item-object-page lakit-nav-id-2f84b20 lakit-nav__item--default lakit-nav__item-10655 lakit-nav__item\"><a href=\"https:\/\/xenexdesign.com\/sk\/sluzby\/realizacia\/\" class=\"menu-item-link menu-item-link-depth-0 menu-item-link-top\"><span class=\"lakit-nav-link-inner\" style=\"\"><span class=\"lakit-nav-link-text\"><span class=\"menu-text\">Realiz\u00e1cia<\/span><\/span><\/span><\/a><\/div>\n<div class=\"menu-item menu-item-type-post_type menu-item-object-page lakit-nav-id-2f84b20 lakit-nav__item--default lakit-nav__item-10656 lakit-nav__item\"><a href=\"https:\/\/xenexdesign.com\/sk\/sluzby\/manazment\/\" class=\"menu-item-link menu-item-link-depth-0 menu-item-link-top\"><span class=\"lakit-nav-link-inner\" style=\"\"><span class=\"lakit-nav-link-text\"><span class=\"menu-text\">Mana\u017ement<\/span><\/span><\/span><\/a><\/div>\n<div class=\"menu-item menu-item-type-post_type menu-item-object-page lakit-nav-id-2f84b20 lakit-nav__item--default lakit-nav__item-10657 lakit-nav__item\"><a href=\"https:\/\/xenexdesign.com\/sk\/sluzby\/zavazok\/\" class=\"menu-item-link menu-item-link-depth-0 menu-item-link-top\"><span class=\"lakit-nav-link-inner\" style=\"\"><span class=\"lakit-nav-link-text\"><span class=\"menu-text\">Z\u00e1v\u00e4zok<\/span><\/span><\/span><\/a><\/div>\n<\/div><\/div><\/div>\t\t\t\t<\/div>\n\t\t\t\t<\/div>\n\t\t<div class=\"elementor-element elementor-element-964ee0c e-con-full e-flex lakit-col-width-auto-no e-container e-con e-child\" data-id=\"964ee0c\" data-element_type=\"container\">\n\t\t\t\t<div class=\"elementor-element elementor-element-d795b4d elementor-invisible elementor-widget elementor-widget-heading\" data-id=\"d795b4d\" data-element_type=\"widget\" data-settings=\"{&quot;_animation&quot;:&quot;fadeInRight&quot;}\" data-widget_type=\"heading.default\">\n\t\t\t\t\t<h2 class=\"elementor-heading-title elementor-size-default\">Dizajn a architekt\u00fara\n<\/h2>\t\t\t\t<\/div>\n\t\t\t\t<div class=\"elementor-element elementor-element-2af3a0d elementor-invisible elementor-widget elementor-widget-text-editor\" data-id=\"2af3a0d\" data-element_type=\"widget\" data-settings=\"{&quot;_animation&quot;:&quot;fadeInRight&quot;}\" data-widget_type=\"text-editor.default\">\n\t\t\t\t\t\t\t\t\tPoskytujeme kreat\u00edvne a funk\u010dn\u00e9 n\u00e1vrhy prisp\u00f4soben\u00e9 jedine\u010dn\u00fdm po\u017eiadavk\u00e1m ka\u017ed\u00e9ho klienta. Pochopenie va\u0161ej v\u00edzie a cie\u013ea priestoru je prv\u00fdm krokom v na\u0161om pr\u00edstupe. V\u00fdsledkom s\u00fa dizajny, ktor\u00e9 s\u00fa nielen estetick\u00e9, ale aj mimoriadne funk\u010dn\u00e9&#8230; sp\u00e1jaj\u00fa kr\u00e1su a funk\u010dnos\u0165. Integr\u00e1ciou inovat\u00edvnych rie\u0161en\u00ed a d\u00f4kladnou starostlivos\u0165ou o detaily vytv\u00e1rame prostredie, ktor\u00e9 in\u0161piruje a pote\u0161\u00ed. N\u00e1\u0161 \u0161pecializovan\u00fd t\u00edm s vami \u00fazko spolupracuje od konceptu a\u017e po realiz\u00e1ciu, pri\u010dom va\u0161e n\u00e1pady premie\u0148a na skuto\u010dnos\u0165 a pre ka\u017ed\u00fd projekt nach\u00e1dza dokonal\u00e9 dizajnov\u00e9 rie\u0161enie.\t\t\t\t\t\t\t\t<\/div>\n\t\t\t\t<\/div>\n\t\t\t\t\t<\/div>\n\t\t\t\t<\/div>\n\t\t<div class=\"elementor-element elementor-element-591a67a e-flex e-con-boxed lakit-col-width-auto-no elementor-invisible e-container e-root-container elementor-top-section e-con e-parent\" data-id=\"591a67a\" data-element_type=\"container\" data-settings=\"{&quot;background_background&quot;:&quot;classic&quot;,&quot;animation&quot;:&quot;fadeIn&quot;}\">\n\t\t\t\t\t<div class=\"e-con-inner\">\n\t\t\t\t\t<\/div>\n\t\t\t\t<\/div>\n\t\t\t\t<\/div>\n\t\t","protected":false},"excerpt":{"rendered":"<p>Na\u0161e slu\u017eby Dizajn V\u00fdroba Realiz\u00e1cia Mana\u017ement Z\u00e1v\u00e4zok Dizajn a architekt\u00fara Poskytujeme kreat\u00edvne a funk\u010dn\u00e9 n\u00e1vrhy prisp\u00f4soben\u00e9 jedine\u010dn\u00fdm po\u017eiadavk\u00e1m ka\u017ed\u00e9ho klienta. Pochopenie va\u0161ej v\u00edzie a cie\u013ea priestoru je prv\u00fdm krokom v na\u0161om pr\u00edstupe. V\u00fdsledkom s\u00fa dizajny, ktor\u00e9 s\u00fa [&hellip;]<\/p>\n","protected":false},"author":1,"featured_media":0,"parent":9456,"menu_order":0,"comment_status":"closed","ping_status":"closed","template":"","meta":{"footnotes":""},"class_list":["post-9463","page","type-page","status-publish","hentry"],"yoast_head":"<!-- This site is optimized with the Yoast SEO plugin v24.3 - https:\/\/yoast.com\/wordpress\/plugins\/seo\/ -->\n<title>Dizajn a architekt\u00fara | XENEX DESIGN<\/title>\n<meta name=\"description\" content=\"Poskytujeme kreat\u00edvne a funk\u010dn\u00e9 n\u00e1vrhy prisp\u00f4soben\u00e9 jedine\u010dn\u00fdm po\u017eiadavk\u00e1m ka\u017ed\u00e9ho klienta. Pochopenie va\u0161ej v\u00edzie a cie\u013ea priestoru je prv\u00fdm krokom v na\u0161om pr\u00edstupe.\" \/>\n<meta name=\"robots\" content=\"index, follow, max-snippet:-1, max-image-preview:large, max-video-preview:-1\" \/>\n<link rel=\"canonical\" href=\"https:\/\/xenexdesign.com\/sk\/sluzby\/dizajn\/\" \/>\n<meta property=\"og:locale\" content=\"sk_SK\" \/>\n<meta property=\"og:type\" content=\"article\" \/>\n<meta property=\"og:title\" content=\"Dizajn a architekt\u00fara | XENEX DESIGN\" \/>\n<meta property=\"og:description\" content=\"Poskytujeme kreat\u00edvne a funk\u010dn\u00e9 n\u00e1vrhy prisp\u00f4soben\u00e9 jedine\u010dn\u00fdm po\u017eiadavk\u00e1m ka\u017ed\u00e9ho klienta. Pochopenie va\u0161ej v\u00edzie a cie\u013ea priestoru je prv\u00fdm krokom v na\u0161om pr\u00edstupe.\" \/>\n<meta property=\"og:url\" content=\"https:\/\/xenexdesign.com\/sk\/sluzby\/dizajn\/\" \/>\n<meta property=\"og:site_name\" content=\"XENEX DESIGN\" \/>\n<meta property=\"article:publisher\" content=\"https:\/\/www.facebook.com\/XenexDesign\/\" \/>\n<meta property=\"article:modified_time\" content=\"2025-02-24T07:35:22+00:00\" \/>\n<meta name=\"twitter:card\" content=\"summary_large_image\" \/>\n<script type=\"application\/ld+json\" class=\"yoast-schema-graph\">{\"@context\":\"https:\/\/schema.org\",\"@graph\":[{\"@type\":\"WebPage\",\"@id\":\"https:\/\/xenexdesign.com\/sk\/sluzby\/dizajn\/\",\"url\":\"https:\/\/xenexdesign.com\/sk\/sluzby\/dizajn\/\",\"name\":\"Dizajn a architekt\u00fara | XENEX DESIGN\",\"isPartOf\":{\"@id\":\"https:\/\/xenexdesign.com\/#website\"},\"datePublished\":\"2024-09-26T07:06:47+00:00\",\"dateModified\":\"2025-02-24T07:35:22+00:00\",\"description\":\"Poskytujeme kreat\u00edvne a funk\u010dn\u00e9 n\u00e1vrhy prisp\u00f4soben\u00e9 jedine\u010dn\u00fdm po\u017eiadavk\u00e1m ka\u017ed\u00e9ho klienta. Pochopenie va\u0161ej v\u00edzie a cie\u013ea priestoru je prv\u00fdm krokom v na\u0161om pr\u00edstupe.\",\"breadcrumb\":{\"@id\":\"https:\/\/xenexdesign.com\/sk\/sluzby\/dizajn\/#breadcrumb\"},\"inLanguage\":\"sk-SK\",\"potentialAction\":[{\"@type\":\"ReadAction\",\"target\":[\"https:\/\/xenexdesign.com\/sk\/sluzby\/dizajn\/\"]}]},{\"@type\":\"BreadcrumbList\",\"@id\":\"https:\/\/xenexdesign.com\/sk\/sluzby\/dizajn\/#breadcrumb\",\"itemListElement\":[{\"@type\":\"ListItem\",\"position\":1,\"name\":\"Home\",\"item\":\"https:\/\/xenexdesign.com\/\"},{\"@type\":\"ListItem\",\"position\":2,\"name\":\"Slu\u017eby\",\"item\":\"https:\/\/xenexdesign.com\/sk\/sluzby\/\"},{\"@type\":\"ListItem\",\"position\":3,\"name\":\"Dizajn\"}]},{\"@type\":\"WebSite\",\"@id\":\"https:\/\/xenexdesign.com\/#website\",\"url\":\"https:\/\/xenexdesign.com\/\",\"name\":\"XENEX DESIGN\",\"description\":\"\",\"publisher\":{\"@id\":\"https:\/\/xenexdesign.com\/#organization\"},\"potentialAction\":[{\"@type\":\"SearchAction\",\"target\":{\"@type\":\"EntryPoint\",\"urlTemplate\":\"https:\/\/xenexdesign.com\/?s={search_term_string}\"},\"query-input\":{\"@type\":\"PropertyValueSpecification\",\"valueRequired\":true,\"valueName\":\"search_term_string\"}}],\"inLanguage\":\"sk-SK\"},{\"@type\":\"Organization\",\"@id\":\"https:\/\/xenexdesign.com\/#organization\",\"name\":\"XENEX, s.r.o\",\"url\":\"https:\/\/xenexdesign.com\/\",\"logo\":{\"@type\":\"ImageObject\",\"inLanguage\":\"sk-SK\",\"@id\":\"https:\/\/xenexdesign.com\/#\/schema\/logo\/image\/\",\"url\":\"https:\/\/xenexdesign.com\/wp-content\/uploads\/2021\/05\/logo-xd.svg\",\"contentUrl\":\"https:\/\/xenexdesign.com\/wp-content\/uploads\/2021\/05\/logo-xd.svg\",\"width\":121,\"height\":66,\"caption\":\"XENEX, s.r.o\"},\"image\":{\"@id\":\"https:\/\/xenexdesign.com\/#\/schema\/logo\/image\/\"},\"sameAs\":[\"https:\/\/www.facebook.com\/XenexDesign\/\",\"https:\/\/sk.linkedin.com\/company\/xenex-design\",\"https:\/\/www.instagram.com\/xenexdesign\/\"]}]}<\/script>\n<!-- \/ Yoast SEO plugin. -->","yoast_head_json":{"title":"Dizajn a architekt\u00fara | XENEX DESIGN","description":"Poskytujeme kreat\u00edvne a funk\u010dn\u00e9 n\u00e1vrhy prisp\u00f4soben\u00e9 jedine\u010dn\u00fdm po\u017eiadavk\u00e1m ka\u017ed\u00e9ho klienta. Pochopenie va\u0161ej v\u00edzie a cie\u013ea priestoru je prv\u00fdm krokom v na\u0161om pr\u00edstupe.","robots":{"index":"index","follow":"follow","max-snippet":"max-snippet:-1","max-image-preview":"max-image-preview:large","max-video-preview":"max-video-preview:-1"},"canonical":"https:\/\/xenexdesign.com\/sk\/sluzby\/dizajn\/","og_locale":"sk_SK","og_type":"article","og_title":"Dizajn a architekt\u00fara | XENEX DESIGN","og_description":"Poskytujeme kreat\u00edvne a funk\u010dn\u00e9 n\u00e1vrhy prisp\u00f4soben\u00e9 jedine\u010dn\u00fdm po\u017eiadavk\u00e1m ka\u017ed\u00e9ho klienta. Pochopenie va\u0161ej v\u00edzie a cie\u013ea priestoru je prv\u00fdm krokom v na\u0161om pr\u00edstupe.","og_url":"https:\/\/xenexdesign.com\/sk\/sluzby\/dizajn\/","og_site_name":"XENEX DESIGN","article_publisher":"https:\/\/www.facebook.com\/XenexDesign\/","article_modified_time":"2025-02-24T07:35:22+00:00","twitter_card":"summary_large_image","schema":{"@context":"https:\/\/schema.org","@graph":[{"@type":"WebPage","@id":"https:\/\/xenexdesign.com\/sk\/sluzby\/dizajn\/","url":"https:\/\/xenexdesign.com\/sk\/sluzby\/dizajn\/","name":"Dizajn a architekt\u00fara | XENEX DESIGN","isPartOf":{"@id":"https:\/\/xenexdesign.com\/#website"},"datePublished":"2024-09-26T07:06:47+00:00","dateModified":"2025-02-24T07:35:22+00:00","description":"Poskytujeme kreat\u00edvne a funk\u010dn\u00e9 n\u00e1vrhy prisp\u00f4soben\u00e9 jedine\u010dn\u00fdm po\u017eiadavk\u00e1m ka\u017ed\u00e9ho klienta. Pochopenie va\u0161ej v\u00edzie a cie\u013ea priestoru je prv\u00fdm krokom v na\u0161om pr\u00edstupe.","breadcrumb":{"@id":"https:\/\/xenexdesign.com\/sk\/sluzby\/dizajn\/#breadcrumb"},"inLanguage":"sk-SK","potentialAction":[{"@type":"ReadAction","target":["https:\/\/xenexdesign.com\/sk\/sluzby\/dizajn\/"]}]},{"@type":"BreadcrumbList","@id":"https:\/\/xenexdesign.com\/sk\/sluzby\/dizajn\/#breadcrumb","itemListElement":[{"@type":"ListItem","position":1,"name":"Home","item":"https:\/\/xenexdesign.com\/"},{"@type":"ListItem","position":2,"name":"Slu\u017eby","item":"https:\/\/xenexdesign.com\/sk\/sluzby\/"},{"@type":"ListItem","position":3,"name":"Dizajn"}]},{"@type":"WebSite","@id":"https:\/\/xenexdesign.com\/#website","url":"https:\/\/xenexdesign.com\/","name":"XENEX DESIGN","description":"","publisher":{"@id":"https:\/\/xenexdesign.com\/#organization"},"potentialAction":[{"@type":"SearchAction","target":{"@type":"EntryPoint","urlTemplate":"https:\/\/xenexdesign.com\/?s={search_term_string}"},"query-input":{"@type":"PropertyValueSpecification","valueRequired":true,"valueName":"search_term_string"}}],"inLanguage":"sk-SK"},{"@type":"Organization","@id":"https:\/\/xenexdesign.com\/#organization","name":"XENEX, s.r.o","url":"https:\/\/xenexdesign.com\/","logo":{"@type":"ImageObject","inLanguage":"sk-SK","@id":"https:\/\/xenexdesign.com\/#\/schema\/logo\/image\/","url":"https:\/\/xenexdesign.com\/wp-content\/uploads\/2021\/05\/logo-xd.svg","contentUrl":"https:\/\/xenexdesign.com\/wp-content\/uploads\/2021\/05\/logo-xd.svg","width":121,"height":66,"caption":"XENEX, s.r.o"},"image":{"@id":"https:\/\/xenexdesign.com\/#\/schema\/logo\/image\/"},"sameAs":["https:\/\/www.facebook.com\/XenexDesign\/","https:\/\/sk.linkedin.com\/company\/xenex-design","https:\/\/www.instagram.com\/xenexdesign\/"]}]}},"_links":{"self":[{"href":"https:\/\/xenexdesign.com\/sk\/wp-json\/wp\/v2\/pages\/9463"}],"collection":[{"href":"https:\/\/xenexdesign.com\/sk\/wp-json\/wp\/v2\/pages"}],"about":[{"href":"https:\/\/xenexdesign.com\/sk\/wp-json\/wp\/v2\/types\/page"}],"author":[{"embeddable":true,"href":"https:\/\/xenexdesign.com\/sk\/wp-json\/wp\/v2\/users\/1"}],"replies":[{"embeddable":true,"href":"https:\/\/xenexdesign.com\/sk\/wp-json\/wp\/v2\/comments?post=9463"}],"version-history":[{"count":4,"href":"https:\/\/xenexdesign.com\/sk\/wp-json\/wp\/v2\/pages\/9463\/revisions"}],"predecessor-version":[{"id":12106,"href":"https:\/\/xenexdesign.com\/sk\/wp-json\/wp\/v2\/pages\/9463\/revisions\/12106"}],"up":[{"embeddable":true,"href":"https:\/\/xenexdesign.com\/sk\/wp-json\/wp\/v2\/pages\/9456"}],"wp:attachment":[{"href":"https:\/\/xenexdesign.com\/sk\/wp-json\/wp\/v2\/media?parent=9463"}],"curies":[{"name":"wp","href":"https:\/\/api.w.org\/{rel}","templated":true}]}}