{"id":9466,"date":"2024-09-26T09:07:12","date_gmt":"2024-09-26T07:07:12","guid":{"rendered":"https:\/\/xenexdesign.com\/sluzby\/vyroba\/"},"modified":"2025-01-28T12:42:02","modified_gmt":"2025-01-28T11:42:02","slug":"vyroba","status":"publish","type":"page","link":"https:\/\/xenexdesign.com\/sk\/sluzby\/vyroba\/","title":{"rendered":"V\u00fdroba"},"content":{"rendered":"\t\t<div data-elementor-type=\"wp-page\" data-elementor-id=\"9466\" class=\"elementor elementor-9466 elementor-7446\" data-elementor-post-type=\"page\">\n\t\t\t\t<div class=\"elementor-element elementor-element-beb3d51 e-flex e-con-boxed lakit-col-width-auto-no e-container e-root-container elementor-top-section e-con e-parent\" data-id=\"beb3d51\" data-element_type=\"container\" data-settings=\"{&quot;background_background&quot;:&quot;classic&quot;}\">\n\t\t\t\t\t<div class=\"e-con-inner\">\n\t\t\t\t<div class=\"elementor-element elementor-element-b97ed32 elementor-invisible elementor-widget elementor-widget-heading\" data-id=\"b97ed32\" data-element_type=\"widget\" data-settings=\"{&quot;_animation&quot;:&quot;fadeInUp&quot;}\" data-widget_type=\"heading.default\">\n\t\t\t\t\t<h1 class=\"elementor-heading-title elementor-size-default\">Na\u0161e slu\u017eby<\/h1>\t\t\t\t<\/div>\n\t\t\t\t\t<\/div>\n\t\t\t\t<\/div>\n\t\t<div class=\"elementor-element elementor-element-95cf06e e-flex e-con-boxed lakit-col-width-auto-no e-container e-root-container elementor-top-section e-con e-parent\" data-id=\"95cf06e\" data-element_type=\"container\" data-settings=\"{&quot;background_background&quot;:&quot;classic&quot;}\">\n\t\t\t\t\t<div class=\"e-con-inner\">\n\t\t\t\t\t<\/div>\n\t\t\t\t<\/div>\n\t\t<div class=\"elementor-element elementor-element-2b350ab e-flex e-con-boxed lakit-col-width-auto-no e-container e-root-container elementor-top-section e-con e-parent\" data-id=\"2b350ab\" data-element_type=\"container\" data-settings=\"{&quot;background_background&quot;:&quot;classic&quot;}\">\n\t\t\t\t\t<div class=\"e-con-inner\">\n\t\t<div class=\"elementor-element elementor-element-f5da4a7 e-con-full services-sidebar e-flex lakit-col-width-auto-no e-container e-con e-child\" data-id=\"f5da4a7\" data-element_type=\"container\" data-settings=\"{&quot;background_background&quot;:&quot;classic&quot;}\">\n\t\t\t\t<div class=\"elementor-element elementor-element-0ec7d7a lakit-nav-line-animation-none elementor-invisible elementor-widget lastudio-kit elementor-lakit-nav-menu\" data-id=\"0ec7d7a\" data-element_type=\"widget\" data-settings=\"{&quot;_animation&quot;:&quot;fadeInLeft&quot;}\" data-widget_type=\"lakit-nav-menu.default\">\n\t\t\t\t\t<div class=\"lakit-nav-wrap lakit-nav-wrap-0ec7d7a\" data-effect=\"\" data-dlconfig=\"{&quot;backtext&quot;:&quot;&lt;span&gt;Back&lt;\\\/span&gt;&quot;,&quot;backicon&quot;:null,&quot;triggericon&quot;:&quot;&lt;i class=\\&quot;lastudioicon-right-arrow\\&quot;&gt;&lt;\\\/i&gt;&quot;}\"><div class=\"lakit-nav-menuwrap lakit-nav-menuwrap-0ec7d7a\"><div class=\"lakit-nav lakit-nav-0ec7d7a lakit-nav--vertical lakit-nav--vertical-sub-right-side\"><div class=\"menu-item menu-item-type-post_type menu-item-object-page lakit-nav-id-0ec7d7a lakit-nav__item--default lakit-nav__item-10653 lakit-nav__item\"><a href=\"https:\/\/xenexdesign.com\/sk\/sluzby\/dizajn\/\" class=\"menu-item-link menu-item-link-depth-0 menu-item-link-top\"><span class=\"lakit-nav-link-inner\" style=\"\"><span class=\"lakit-nav-link-text\"><span class=\"menu-text\">Dizajn<\/span><\/span><\/span><\/a><\/div>\n<div class=\"menu-item menu-item-type-post_type menu-item-object-page lakit-nav-id-0ec7d7a lakit-nav__item--default lakit-nav__item-10654 lakit-nav__item\"><a href=\"https:\/\/xenexdesign.com\/sk\/sluzby\/vyroba\/\" class=\"menu-item-link menu-item-link-depth-0 menu-item-link-top\"><span class=\"lakit-nav-link-inner\" style=\"\"><span class=\"lakit-nav-link-text\"><span class=\"menu-text\">V\u00fdroba<\/span><\/span><\/span><\/a><\/div>\n<div class=\"menu-item menu-item-type-post_type menu-item-object-page lakit-nav-id-0ec7d7a lakit-nav__item--default lakit-nav__item-10655 lakit-nav__item\"><a href=\"https:\/\/xenexdesign.com\/sk\/sluzby\/realizacia\/\" class=\"menu-item-link menu-item-link-depth-0 menu-item-link-top\"><span class=\"lakit-nav-link-inner\" style=\"\"><span class=\"lakit-nav-link-text\"><span class=\"menu-text\">Realiz\u00e1cia<\/span><\/span><\/span><\/a><\/div>\n<div class=\"menu-item menu-item-type-post_type menu-item-object-page lakit-nav-id-0ec7d7a lakit-nav__item--default lakit-nav__item-10656 lakit-nav__item\"><a href=\"https:\/\/xenexdesign.com\/sk\/sluzby\/manazment\/\" class=\"menu-item-link menu-item-link-depth-0 menu-item-link-top\"><span class=\"lakit-nav-link-inner\" style=\"\"><span class=\"lakit-nav-link-text\"><span class=\"menu-text\">Mana\u017ement<\/span><\/span><\/span><\/a><\/div>\n<div class=\"menu-item menu-item-type-post_type menu-item-object-page lakit-nav-id-0ec7d7a lakit-nav__item--default lakit-nav__item-10657 lakit-nav__item\"><a href=\"https:\/\/xenexdesign.com\/sk\/sluzby\/zavazok\/\" class=\"menu-item-link menu-item-link-depth-0 menu-item-link-top\"><span class=\"lakit-nav-link-inner\" style=\"\"><span class=\"lakit-nav-link-text\"><span class=\"menu-text\">Z\u00e1v\u00e4zok<\/span><\/span><\/span><\/a><\/div>\n<\/div><\/div><\/div>\t\t\t\t<\/div>\n\t\t\t\t<\/div>\n\t\t<div class=\"elementor-element elementor-element-273529b e-con-full e-flex lakit-col-width-auto-no e-container e-con e-child\" data-id=\"273529b\" data-element_type=\"container\">\n\t\t\t\t<div class=\"elementor-element elementor-element-315cc43 elementor-invisible elementor-widget elementor-widget-heading\" data-id=\"315cc43\" data-element_type=\"widget\" data-settings=\"{&quot;_animation&quot;:&quot;fadeInRight&quot;}\" data-widget_type=\"heading.default\">\n\t\t\t\t\t<h2 class=\"elementor-heading-title elementor-size-default\">V\u00fdroba <br> a produkcia<\/h2>\t\t\t\t<\/div>\n\t\t\t\t<div class=\"elementor-element elementor-element-a15ff56 elementor-invisible elementor-widget elementor-widget-text-editor\" data-id=\"a15ff56\" data-element_type=\"widget\" data-settings=\"{&quot;_animation&quot;:&quot;fadeInRight&quot;}\" data-widget_type=\"text-editor.default\">\n\t\t\t\t\t\t\t\t\t<p>S\u00fa\u010das\u0165ou na\u0161ich prvotriednych slu\u017eieb je aj vlastn\u00fd v\u00fdrobn\u00fd t\u00edm, ktor\u00fd vyr\u00e1ba n\u00e1bytok na mieru s d\u00f4razom na kvalitu a udr\u017eate\u013enos\u0165. Ve\u013ek\u00fd d\u00f4raz kladieme na z\u00edskavanie materi\u00e1lov zo zodpovedn\u00fdch zdrojov a minimaliz\u00e1ciu odpadu po\u010das v\u00fdroby. V\u010faka tomu m\u00e1me ka\u017ed\u00fa \u010das\u0165 procesu tvorby pod kontrolou a m\u00f4\u017eeme na\u0161im klientom poskytn\u00fa\u0165 pridan\u00fa hodnotu a n\u00e1kladov\u00fa efekt\u00edvnos\u0165.  <\/p>\n\t\t\t\t\t\t\t\t<\/div>\n\t\t\t\t<\/div>\n\t\t\t\t\t<\/div>\n\t\t\t\t<\/div>\n\t\t<div class=\"elementor-element elementor-element-ad50665 e-flex e-con-boxed lakit-col-width-auto-no elementor-invisible e-container e-root-container elementor-top-section e-con e-parent\" data-id=\"ad50665\" data-element_type=\"container\" data-settings=\"{&quot;background_background&quot;:&quot;classic&quot;,&quot;animation&quot;:&quot;fadeIn&quot;}\">\n\t\t\t\t\t<div class=\"e-con-inner\">\n\t\t\t\t\t<\/div>\n\t\t\t\t<\/div>\n\t\t\t\t<\/div>\n\t\t","protected":false},"excerpt":{"rendered":"<p>Na\u0161e slu\u017eby Design Manufacturing Realisation Management Commitment V\u00fdroba a produkcia S\u00fa\u010das\u0165ou na\u0161ich prvotriednych slu\u017eieb je aj vlastn\u00fd v\u00fdrobn\u00fd t\u00edm, ktor\u00fd vyr\u00e1ba n\u00e1bytok na mieru s d\u00f4razom na kvalitu a udr\u017eate\u013enos\u0165. Ve\u013ek\u00fd d\u00f4raz kladieme na z\u00edskavanie materi\u00e1lov zo [&hellip;]<\/p>\n","protected":false},"author":1,"featured_media":0,"parent":9456,"menu_order":0,"comment_status":"closed","ping_status":"closed","template":"","meta":{"footnotes":""},"class_list":["post-9466","page","type-page","status-publish","hentry"],"yoast_head":"<!-- This site is optimized with the Yoast SEO plugin v24.3 - https:\/\/yoast.com\/wordpress\/plugins\/seo\/ -->\n<title>V\u00fdroba a produkcia | XENEX DESIGN<\/title>\n<meta name=\"description\" content=\"S\u00fa\u010das\u0165ou na\u0161ich prvotriednych slu\u017eieb je aj vlastn\u00fd v\u00fdrobn\u00fd t\u00edm, ktor\u00fd vyr\u00e1ba n\u00e1bytok na mieru s d\u00f4razom na kvalitu a udr\u017eate\u013enos\u0165.\" \/>\n<meta name=\"robots\" content=\"index, follow, max-snippet:-1, max-image-preview:large, max-video-preview:-1\" \/>\n<link rel=\"canonical\" href=\"https:\/\/xenexdesign.com\/sk\/sluzby\/vyroba\/\" \/>\n<meta property=\"og:locale\" content=\"sk_SK\" \/>\n<meta property=\"og:type\" content=\"article\" \/>\n<meta property=\"og:title\" content=\"V\u00fdroba a produkcia | XENEX DESIGN\" \/>\n<meta property=\"og:description\" content=\"S\u00fa\u010das\u0165ou na\u0161ich prvotriednych slu\u017eieb je aj vlastn\u00fd v\u00fdrobn\u00fd t\u00edm, ktor\u00fd vyr\u00e1ba n\u00e1bytok na mieru s d\u00f4razom na kvalitu a udr\u017eate\u013enos\u0165.\" \/>\n<meta property=\"og:url\" content=\"https:\/\/xenexdesign.com\/sk\/sluzby\/vyroba\/\" \/>\n<meta property=\"og:site_name\" content=\"XENEX DESIGN\" \/>\n<meta property=\"article:publisher\" content=\"https:\/\/www.facebook.com\/XenexDesign\/\" \/>\n<meta property=\"article:modified_time\" content=\"2025-01-28T11:42:02+00:00\" \/>\n<meta name=\"twitter:card\" content=\"summary_large_image\" \/>\n<script type=\"application\/ld+json\" class=\"yoast-schema-graph\">{\"@context\":\"https:\/\/schema.org\",\"@graph\":[{\"@type\":\"WebPage\",\"@id\":\"https:\/\/xenexdesign.com\/sk\/sluzby\/vyroba\/\",\"url\":\"https:\/\/xenexdesign.com\/sk\/sluzby\/vyroba\/\",\"name\":\"V\u00fdroba a produkcia | XENEX DESIGN\",\"isPartOf\":{\"@id\":\"https:\/\/xenexdesign.com\/#website\"},\"datePublished\":\"2024-09-26T07:07:12+00:00\",\"dateModified\":\"2025-01-28T11:42:02+00:00\",\"description\":\"S\u00fa\u010das\u0165ou na\u0161ich prvotriednych slu\u017eieb je aj vlastn\u00fd v\u00fdrobn\u00fd t\u00edm, ktor\u00fd vyr\u00e1ba n\u00e1bytok na mieru s d\u00f4razom na kvalitu a udr\u017eate\u013enos\u0165.\",\"breadcrumb\":{\"@id\":\"https:\/\/xenexdesign.com\/sk\/sluzby\/vyroba\/#breadcrumb\"},\"inLanguage\":\"sk-SK\",\"potentialAction\":[{\"@type\":\"ReadAction\",\"target\":[\"https:\/\/xenexdesign.com\/sk\/sluzby\/vyroba\/\"]}]},{\"@type\":\"BreadcrumbList\",\"@id\":\"https:\/\/xenexdesign.com\/sk\/sluzby\/vyroba\/#breadcrumb\",\"itemListElement\":[{\"@type\":\"ListItem\",\"position\":1,\"name\":\"Home\",\"item\":\"https:\/\/xenexdesign.com\/\"},{\"@type\":\"ListItem\",\"position\":2,\"name\":\"Slu\u017eby\",\"item\":\"https:\/\/xenexdesign.com\/sk\/sluzby\/\"},{\"@type\":\"ListItem\",\"position\":3,\"name\":\"V\u00fdroba\"}]},{\"@type\":\"WebSite\",\"@id\":\"https:\/\/xenexdesign.com\/#website\",\"url\":\"https:\/\/xenexdesign.com\/\",\"name\":\"XENEX DESIGN\",\"description\":\"\",\"publisher\":{\"@id\":\"https:\/\/xenexdesign.com\/#organization\"},\"potentialAction\":[{\"@type\":\"SearchAction\",\"target\":{\"@type\":\"EntryPoint\",\"urlTemplate\":\"https:\/\/xenexdesign.com\/?s={search_term_string}\"},\"query-input\":{\"@type\":\"PropertyValueSpecification\",\"valueRequired\":true,\"valueName\":\"search_term_string\"}}],\"inLanguage\":\"sk-SK\"},{\"@type\":\"Organization\",\"@id\":\"https:\/\/xenexdesign.com\/#organization\",\"name\":\"XENEX, s.r.o\",\"url\":\"https:\/\/xenexdesign.com\/\",\"logo\":{\"@type\":\"ImageObject\",\"inLanguage\":\"sk-SK\",\"@id\":\"https:\/\/xenexdesign.com\/#\/schema\/logo\/image\/\",\"url\":\"https:\/\/xenexdesign.com\/wp-content\/uploads\/2021\/05\/logo-xd.svg\",\"contentUrl\":\"https:\/\/xenexdesign.com\/wp-content\/uploads\/2021\/05\/logo-xd.svg\",\"width\":121,\"height\":66,\"caption\":\"XENEX, s.r.o\"},\"image\":{\"@id\":\"https:\/\/xenexdesign.com\/#\/schema\/logo\/image\/\"},\"sameAs\":[\"https:\/\/www.facebook.com\/XenexDesign\/\",\"https:\/\/sk.linkedin.com\/company\/xenex-design\",\"https:\/\/www.instagram.com\/xenexdesign\/\"]}]}<\/script>\n<!-- \/ Yoast SEO plugin. -->","yoast_head_json":{"title":"V\u00fdroba a produkcia | XENEX DESIGN","description":"S\u00fa\u010das\u0165ou na\u0161ich prvotriednych slu\u017eieb je aj vlastn\u00fd v\u00fdrobn\u00fd t\u00edm, ktor\u00fd vyr\u00e1ba n\u00e1bytok na mieru s d\u00f4razom na kvalitu a udr\u017eate\u013enos\u0165.","robots":{"index":"index","follow":"follow","max-snippet":"max-snippet:-1","max-image-preview":"max-image-preview:large","max-video-preview":"max-video-preview:-1"},"canonical":"https:\/\/xenexdesign.com\/sk\/sluzby\/vyroba\/","og_locale":"sk_SK","og_type":"article","og_title":"V\u00fdroba a produkcia | XENEX DESIGN","og_description":"S\u00fa\u010das\u0165ou na\u0161ich prvotriednych slu\u017eieb je aj vlastn\u00fd v\u00fdrobn\u00fd t\u00edm, ktor\u00fd vyr\u00e1ba n\u00e1bytok na mieru s d\u00f4razom na kvalitu a udr\u017eate\u013enos\u0165.","og_url":"https:\/\/xenexdesign.com\/sk\/sluzby\/vyroba\/","og_site_name":"XENEX DESIGN","article_publisher":"https:\/\/www.facebook.com\/XenexDesign\/","article_modified_time":"2025-01-28T11:42:02+00:00","twitter_card":"summary_large_image","schema":{"@context":"https:\/\/schema.org","@graph":[{"@type":"WebPage","@id":"https:\/\/xenexdesign.com\/sk\/sluzby\/vyroba\/","url":"https:\/\/xenexdesign.com\/sk\/sluzby\/vyroba\/","name":"V\u00fdroba a produkcia | XENEX DESIGN","isPartOf":{"@id":"https:\/\/xenexdesign.com\/#website"},"datePublished":"2024-09-26T07:07:12+00:00","dateModified":"2025-01-28T11:42:02+00:00","description":"S\u00fa\u010das\u0165ou na\u0161ich prvotriednych slu\u017eieb je aj vlastn\u00fd v\u00fdrobn\u00fd t\u00edm, ktor\u00fd vyr\u00e1ba n\u00e1bytok na mieru s d\u00f4razom na kvalitu a udr\u017eate\u013enos\u0165.","breadcrumb":{"@id":"https:\/\/xenexdesign.com\/sk\/sluzby\/vyroba\/#breadcrumb"},"inLanguage":"sk-SK","potentialAction":[{"@type":"ReadAction","target":["https:\/\/xenexdesign.com\/sk\/sluzby\/vyroba\/"]}]},{"@type":"BreadcrumbList","@id":"https:\/\/xenexdesign.com\/sk\/sluzby\/vyroba\/#breadcrumb","itemListElement":[{"@type":"ListItem","position":1,"name":"Home","item":"https:\/\/xenexdesign.com\/"},{"@type":"ListItem","position":2,"name":"Slu\u017eby","item":"https:\/\/xenexdesign.com\/sk\/sluzby\/"},{"@type":"ListItem","position":3,"name":"V\u00fdroba"}]},{"@type":"WebSite","@id":"https:\/\/xenexdesign.com\/#website","url":"https:\/\/xenexdesign.com\/","name":"XENEX DESIGN","description":"","publisher":{"@id":"https:\/\/xenexdesign.com\/#organization"},"potentialAction":[{"@type":"SearchAction","target":{"@type":"EntryPoint","urlTemplate":"https:\/\/xenexdesign.com\/?s={search_term_string}"},"query-input":{"@type":"PropertyValueSpecification","valueRequired":true,"valueName":"search_term_string"}}],"inLanguage":"sk-SK"},{"@type":"Organization","@id":"https:\/\/xenexdesign.com\/#organization","name":"XENEX, s.r.o","url":"https:\/\/xenexdesign.com\/","logo":{"@type":"ImageObject","inLanguage":"sk-SK","@id":"https:\/\/xenexdesign.com\/#\/schema\/logo\/image\/","url":"https:\/\/xenexdesign.com\/wp-content\/uploads\/2021\/05\/logo-xd.svg","contentUrl":"https:\/\/xenexdesign.com\/wp-content\/uploads\/2021\/05\/logo-xd.svg","width":121,"height":66,"caption":"XENEX, s.r.o"},"image":{"@id":"https:\/\/xenexdesign.com\/#\/schema\/logo\/image\/"},"sameAs":["https:\/\/www.facebook.com\/XenexDesign\/","https:\/\/sk.linkedin.com\/company\/xenex-design","https:\/\/www.instagram.com\/xenexdesign\/"]}]}},"_links":{"self":[{"href":"https:\/\/xenexdesign.com\/sk\/wp-json\/wp\/v2\/pages\/9466"}],"collection":[{"href":"https:\/\/xenexdesign.com\/sk\/wp-json\/wp\/v2\/pages"}],"about":[{"href":"https:\/\/xenexdesign.com\/sk\/wp-json\/wp\/v2\/types\/page"}],"author":[{"embeddable":true,"href":"https:\/\/xenexdesign.com\/sk\/wp-json\/wp\/v2\/users\/1"}],"replies":[{"embeddable":true,"href":"https:\/\/xenexdesign.com\/sk\/wp-json\/wp\/v2\/comments?post=9466"}],"version-history":[{"count":1,"href":"https:\/\/xenexdesign.com\/sk\/wp-json\/wp\/v2\/pages\/9466\/revisions"}],"predecessor-version":[{"id":9470,"href":"https:\/\/xenexdesign.com\/sk\/wp-json\/wp\/v2\/pages\/9466\/revisions\/9470"}],"up":[{"embeddable":true,"href":"https:\/\/xenexdesign.com\/sk\/wp-json\/wp\/v2\/pages\/9456"}],"wp:attachment":[{"href":"https:\/\/xenexdesign.com\/sk\/wp-json\/wp\/v2\/media?parent=9466"}],"curies":[{"name":"wp","href":"https:\/\/api.w.org\/{rel}","templated":true}]}}