{"id":9471,"date":"2024-09-26T09:08:01","date_gmt":"2024-09-26T07:08:01","guid":{"rendered":"https:\/\/xenexdesign.com\/sluzby\/realizacia\/"},"modified":"2025-01-28T12:42:02","modified_gmt":"2025-01-28T11:42:02","slug":"realizacia","status":"publish","type":"page","link":"https:\/\/xenexdesign.com\/sk\/sluzby\/realizacia\/","title":{"rendered":"Realiz\u00e1cia"},"content":{"rendered":"\t\t<div data-elementor-type=\"wp-page\" data-elementor-id=\"9471\" class=\"elementor elementor-9471 elementor-7448\" data-elementor-post-type=\"page\">\n\t\t\t\t<div class=\"elementor-element elementor-element-a78d61e e-flex e-con-boxed lakit-col-width-auto-no e-container e-root-container elementor-top-section e-con e-parent\" data-id=\"a78d61e\" data-element_type=\"container\" data-settings=\"{&quot;background_background&quot;:&quot;classic&quot;}\">\n\t\t\t\t\t<div class=\"e-con-inner\">\n\t\t\t\t<div class=\"elementor-element elementor-element-ccf86fa elementor-invisible elementor-widget elementor-widget-heading\" data-id=\"ccf86fa\" data-element_type=\"widget\" data-settings=\"{&quot;_animation&quot;:&quot;fadeInUp&quot;}\" data-widget_type=\"heading.default\">\n\t\t\t\t\t<h1 class=\"elementor-heading-title elementor-size-default\">Na\u0161e slu\u017eby<\/h1>\t\t\t\t<\/div>\n\t\t\t\t\t<\/div>\n\t\t\t\t<\/div>\n\t\t<div class=\"elementor-element elementor-element-cd74e73 e-flex e-con-boxed lakit-col-width-auto-no e-container e-root-container elementor-top-section e-con e-parent\" data-id=\"cd74e73\" data-element_type=\"container\" data-settings=\"{&quot;background_background&quot;:&quot;classic&quot;}\">\n\t\t\t\t\t<div class=\"e-con-inner\">\n\t\t\t\t\t<\/div>\n\t\t\t\t<\/div>\n\t\t<div class=\"elementor-element elementor-element-6825d4c e-flex e-con-boxed lakit-col-width-auto-no e-container e-root-container elementor-top-section e-con e-parent\" data-id=\"6825d4c\" data-element_type=\"container\" data-settings=\"{&quot;background_background&quot;:&quot;classic&quot;}\">\n\t\t\t\t\t<div class=\"e-con-inner\">\n\t\t<div class=\"elementor-element elementor-element-ff0a84a e-con-full services-sidebar e-flex lakit-col-width-auto-no e-container e-con e-child\" data-id=\"ff0a84a\" data-element_type=\"container\" data-settings=\"{&quot;background_background&quot;:&quot;classic&quot;}\">\n\t\t\t\t<div class=\"elementor-element elementor-element-2113096 lakit-nav-line-animation-none elementor-invisible elementor-widget lastudio-kit elementor-lakit-nav-menu\" data-id=\"2113096\" data-element_type=\"widget\" data-settings=\"{&quot;_animation&quot;:&quot;fadeInLeft&quot;}\" data-widget_type=\"lakit-nav-menu.default\">\n\t\t\t\t\t<div class=\"lakit-nav-wrap lakit-nav-wrap-2113096\" data-effect=\"\" data-dlconfig=\"{&quot;backtext&quot;:&quot;&lt;span&gt;Back&lt;\\\/span&gt;&quot;,&quot;backicon&quot;:null,&quot;triggericon&quot;:&quot;&lt;i class=\\&quot;lastudioicon-right-arrow\\&quot;&gt;&lt;\\\/i&gt;&quot;}\"><div class=\"lakit-nav-menuwrap lakit-nav-menuwrap-2113096\"><div class=\"lakit-nav lakit-nav-2113096 lakit-nav--vertical lakit-nav--vertical-sub-right-side\"><div class=\"menu-item menu-item-type-post_type menu-item-object-page lakit-nav-id-2113096 lakit-nav__item--default lakit-nav__item-10653 lakit-nav__item\"><a href=\"https:\/\/xenexdesign.com\/sk\/sluzby\/dizajn\/\" class=\"menu-item-link menu-item-link-depth-0 menu-item-link-top\"><span class=\"lakit-nav-link-inner\" style=\"\"><span class=\"lakit-nav-link-text\"><span class=\"menu-text\">Dizajn<\/span><\/span><\/span><\/a><\/div>\n<div class=\"menu-item menu-item-type-post_type menu-item-object-page lakit-nav-id-2113096 lakit-nav__item--default lakit-nav__item-10654 lakit-nav__item\"><a href=\"https:\/\/xenexdesign.com\/sk\/sluzby\/vyroba\/\" class=\"menu-item-link menu-item-link-depth-0 menu-item-link-top\"><span class=\"lakit-nav-link-inner\" style=\"\"><span class=\"lakit-nav-link-text\"><span class=\"menu-text\">V\u00fdroba<\/span><\/span><\/span><\/a><\/div>\n<div class=\"menu-item menu-item-type-post_type menu-item-object-page lakit-nav-id-2113096 lakit-nav__item--default lakit-nav__item-10655 lakit-nav__item\"><a href=\"https:\/\/xenexdesign.com\/sk\/sluzby\/realizacia\/\" class=\"menu-item-link menu-item-link-depth-0 menu-item-link-top\"><span class=\"lakit-nav-link-inner\" style=\"\"><span class=\"lakit-nav-link-text\"><span class=\"menu-text\">Realiz\u00e1cia<\/span><\/span><\/span><\/a><\/div>\n<div class=\"menu-item menu-item-type-post_type menu-item-object-page lakit-nav-id-2113096 lakit-nav__item--default lakit-nav__item-10656 lakit-nav__item\"><a href=\"https:\/\/xenexdesign.com\/sk\/sluzby\/manazment\/\" class=\"menu-item-link menu-item-link-depth-0 menu-item-link-top\"><span class=\"lakit-nav-link-inner\" style=\"\"><span class=\"lakit-nav-link-text\"><span class=\"menu-text\">Mana\u017ement<\/span><\/span><\/span><\/a><\/div>\n<div class=\"menu-item menu-item-type-post_type menu-item-object-page lakit-nav-id-2113096 lakit-nav__item--default lakit-nav__item-10657 lakit-nav__item\"><a href=\"https:\/\/xenexdesign.com\/sk\/sluzby\/zavazok\/\" class=\"menu-item-link menu-item-link-depth-0 menu-item-link-top\"><span class=\"lakit-nav-link-inner\" style=\"\"><span class=\"lakit-nav-link-text\"><span class=\"menu-text\">Z\u00e1v\u00e4zok<\/span><\/span><\/span><\/a><\/div>\n<\/div><\/div><\/div>\t\t\t\t<\/div>\n\t\t\t\t<\/div>\n\t\t<div class=\"elementor-element elementor-element-0c8067a e-con-full e-flex lakit-col-width-auto-no e-container e-con e-child\" data-id=\"0c8067a\" data-element_type=\"container\">\n\t\t\t\t<div class=\"elementor-element elementor-element-c80e63c elementor-invisible elementor-widget elementor-widget-heading\" data-id=\"c80e63c\" data-element_type=\"widget\" data-settings=\"{&quot;_animation&quot;:&quot;fadeInRight&quot;}\" data-widget_type=\"heading.default\">\n\t\t\t\t\t<h2 class=\"elementor-heading-title elementor-size-default\">Realiz\u00e1cia projektu\na vybavenie<\/h2>\t\t\t\t<\/div>\n\t\t\t\t<div class=\"elementor-element elementor-element-c244720 elementor-invisible elementor-widget elementor-widget-text-editor\" data-id=\"c244720\" data-element_type=\"widget\" data-settings=\"{&quot;_animation&quot;:&quot;fadeInRight&quot;}\" data-widget_type=\"text-editor.default\">\n\t\t\t\t\t\t\t\t\t<p>Nespo\u010detn\u00e9 mo\u017enosti materi\u00e1lov a r\u00f4znych postupov&#8230; m\u00e1me ich v\u0161etky pokryt\u00e9. Len sk\u00fasenosti v\u0161ak prin\u00e1\u0161aj\u00fa odborn\u00e9 znalosti, ktor\u00e9 umo\u017e\u0148uj\u00fa dosiahnu\u0165 ucelen\u00e9 v\u00fdsledky s osobitou dizajnovou identitou. P\u00f4sobiv\u00fd dizajn a talentovan\u00ed remeseln\u00edci dok\u00e1\u017eu premeni\u0165 a o\u017eivi\u0165 ak\u00fdko\u013evek priestor; na\u010das a v r\u00e1mci rozpo\u010dtu. V\u010faka na\u0161im bohat\u00fdm sk\u00fasenostiam vieme, kde je mo\u017en\u00e9 vykona\u0165 \u00fa\u010dinn\u00e9 zmeny. Povrchov\u00e9 \u00fapravy prid\u00e1vame s citom tam, kde je to najd\u00f4le\u017eitej\u0161ie.<\/p>\n\t\t\t\t\t\t\t\t<\/div>\n\t\t\t\t<\/div>\n\t\t\t\t\t<\/div>\n\t\t\t\t<\/div>\n\t\t<div class=\"elementor-element elementor-element-1c6f490 e-flex e-con-boxed lakit-col-width-auto-no elementor-invisible e-container e-root-container elementor-top-section e-con e-parent\" data-id=\"1c6f490\" data-element_type=\"container\" data-settings=\"{&quot;background_background&quot;:&quot;classic&quot;,&quot;animation&quot;:&quot;fadeIn&quot;}\">\n\t\t\t\t\t<div class=\"e-con-inner\">\n\t\t\t\t\t<\/div>\n\t\t\t\t<\/div>\n\t\t\t\t<\/div>\n\t\t","protected":false},"excerpt":{"rendered":"<p>Na\u0161e slu\u017eby Design Manufacturing Realisation Management Commitment Realiz\u00e1cia projektu a vybavenie Nespo\u010detn\u00e9 mo\u017enosti materi\u00e1lov a r\u00f4znych postupov&#8230; m\u00e1me ich v\u0161etky pokryt\u00e9. Len sk\u00fasenosti v\u0161ak prin\u00e1\u0161aj\u00fa odborn\u00e9 znalosti, ktor\u00e9 umo\u017e\u0148uj\u00fa dosiahnu\u0165 ucelen\u00e9 v\u00fdsledky s osobitou dizajnovou identitou. P\u00f4sobiv\u00fd [&hellip;]<\/p>\n","protected":false},"author":1,"featured_media":0,"parent":9456,"menu_order":0,"comment_status":"closed","ping_status":"closed","template":"","meta":{"footnotes":""},"class_list":["post-9471","page","type-page","status-publish","hentry"],"yoast_head":"<!-- This site is optimized with the Yoast SEO plugin v24.3 - https:\/\/yoast.com\/wordpress\/plugins\/seo\/ -->\n<title>Realiz\u00e1cia a vybavenie projektu | XENEX DESIGN<\/title>\n<meta name=\"description\" content=\"Nespo\u010detn\u00e9 mo\u017enosti materi\u00e1lov a r\u00f4znych postupov... m\u00e1me ich v\u0161etky pokryt\u00e9. Len sk\u00fasenosti v\u0161ak prin\u00e1\u0161aj\u00fa odborn\u00e9 znalosti, ktor\u00e9 umo\u017e\u0148uj\u00fa dosiahnu\u0165 ucelen\u00e9 v\u00fdsledky s osobitou dizajnovou identitou.\" \/>\n<meta name=\"robots\" content=\"index, follow, max-snippet:-1, max-image-preview:large, max-video-preview:-1\" \/>\n<link rel=\"canonical\" href=\"https:\/\/xenexdesign.com\/sk\/sluzby\/realizacia\/\" \/>\n<meta property=\"og:locale\" content=\"sk_SK\" \/>\n<meta property=\"og:type\" content=\"article\" \/>\n<meta property=\"og:title\" content=\"Realiz\u00e1cia a vybavenie projektu | XENEX DESIGN\" \/>\n<meta property=\"og:description\" content=\"Nespo\u010detn\u00e9 mo\u017enosti materi\u00e1lov a r\u00f4znych postupov... m\u00e1me ich v\u0161etky pokryt\u00e9. Len sk\u00fasenosti v\u0161ak prin\u00e1\u0161aj\u00fa odborn\u00e9 znalosti, ktor\u00e9 umo\u017e\u0148uj\u00fa dosiahnu\u0165 ucelen\u00e9 v\u00fdsledky s osobitou dizajnovou identitou.\" \/>\n<meta property=\"og:url\" content=\"https:\/\/xenexdesign.com\/sk\/sluzby\/realizacia\/\" \/>\n<meta property=\"og:site_name\" content=\"XENEX DESIGN\" \/>\n<meta property=\"article:publisher\" content=\"https:\/\/www.facebook.com\/XenexDesign\/\" \/>\n<meta property=\"article:modified_time\" content=\"2025-01-28T11:42:02+00:00\" \/>\n<meta name=\"twitter:card\" content=\"summary_large_image\" \/>\n<meta name=\"twitter:label1\" content=\"Predpokladan\u00fd \u010das \u010d\u00edtania\" \/>\n\t<meta name=\"twitter:data1\" content=\"1 min\u00fata\" \/>\n<script type=\"application\/ld+json\" class=\"yoast-schema-graph\">{\"@context\":\"https:\/\/schema.org\",\"@graph\":[{\"@type\":\"WebPage\",\"@id\":\"https:\/\/xenexdesign.com\/sk\/sluzby\/realizacia\/\",\"url\":\"https:\/\/xenexdesign.com\/sk\/sluzby\/realizacia\/\",\"name\":\"Realiz\u00e1cia a vybavenie projektu | XENEX DESIGN\",\"isPartOf\":{\"@id\":\"https:\/\/xenexdesign.com\/#website\"},\"datePublished\":\"2024-09-26T07:08:01+00:00\",\"dateModified\":\"2025-01-28T11:42:02+00:00\",\"description\":\"Nespo\u010detn\u00e9 mo\u017enosti materi\u00e1lov a r\u00f4znych postupov... m\u00e1me ich v\u0161etky pokryt\u00e9. Len sk\u00fasenosti v\u0161ak prin\u00e1\u0161aj\u00fa odborn\u00e9 znalosti, ktor\u00e9 umo\u017e\u0148uj\u00fa dosiahnu\u0165 ucelen\u00e9 v\u00fdsledky s osobitou dizajnovou identitou.\",\"breadcrumb\":{\"@id\":\"https:\/\/xenexdesign.com\/sk\/sluzby\/realizacia\/#breadcrumb\"},\"inLanguage\":\"sk-SK\",\"potentialAction\":[{\"@type\":\"ReadAction\",\"target\":[\"https:\/\/xenexdesign.com\/sk\/sluzby\/realizacia\/\"]}]},{\"@type\":\"BreadcrumbList\",\"@id\":\"https:\/\/xenexdesign.com\/sk\/sluzby\/realizacia\/#breadcrumb\",\"itemListElement\":[{\"@type\":\"ListItem\",\"position\":1,\"name\":\"Home\",\"item\":\"https:\/\/xenexdesign.com\/\"},{\"@type\":\"ListItem\",\"position\":2,\"name\":\"Slu\u017eby\",\"item\":\"https:\/\/xenexdesign.com\/sk\/sluzby\/\"},{\"@type\":\"ListItem\",\"position\":3,\"name\":\"Realiz\u00e1cia\"}]},{\"@type\":\"WebSite\",\"@id\":\"https:\/\/xenexdesign.com\/#website\",\"url\":\"https:\/\/xenexdesign.com\/\",\"name\":\"XENEX DESIGN\",\"description\":\"\",\"publisher\":{\"@id\":\"https:\/\/xenexdesign.com\/#organization\"},\"potentialAction\":[{\"@type\":\"SearchAction\",\"target\":{\"@type\":\"EntryPoint\",\"urlTemplate\":\"https:\/\/xenexdesign.com\/?s={search_term_string}\"},\"query-input\":{\"@type\":\"PropertyValueSpecification\",\"valueRequired\":true,\"valueName\":\"search_term_string\"}}],\"inLanguage\":\"sk-SK\"},{\"@type\":\"Organization\",\"@id\":\"https:\/\/xenexdesign.com\/#organization\",\"name\":\"XENEX, s.r.o\",\"url\":\"https:\/\/xenexdesign.com\/\",\"logo\":{\"@type\":\"ImageObject\",\"inLanguage\":\"sk-SK\",\"@id\":\"https:\/\/xenexdesign.com\/#\/schema\/logo\/image\/\",\"url\":\"https:\/\/xenexdesign.com\/wp-content\/uploads\/2021\/05\/logo-xd.svg\",\"contentUrl\":\"https:\/\/xenexdesign.com\/wp-content\/uploads\/2021\/05\/logo-xd.svg\",\"width\":121,\"height\":66,\"caption\":\"XENEX, s.r.o\"},\"image\":{\"@id\":\"https:\/\/xenexdesign.com\/#\/schema\/logo\/image\/\"},\"sameAs\":[\"https:\/\/www.facebook.com\/XenexDesign\/\",\"https:\/\/sk.linkedin.com\/company\/xenex-design\",\"https:\/\/www.instagram.com\/xenexdesign\/\"]}]}<\/script>\n<!-- \/ Yoast SEO plugin. -->","yoast_head_json":{"title":"Realiz\u00e1cia a vybavenie projektu | XENEX DESIGN","description":"Nespo\u010detn\u00e9 mo\u017enosti materi\u00e1lov a r\u00f4znych postupov... m\u00e1me ich v\u0161etky pokryt\u00e9. Len sk\u00fasenosti v\u0161ak prin\u00e1\u0161aj\u00fa odborn\u00e9 znalosti, ktor\u00e9 umo\u017e\u0148uj\u00fa dosiahnu\u0165 ucelen\u00e9 v\u00fdsledky s osobitou dizajnovou identitou.","robots":{"index":"index","follow":"follow","max-snippet":"max-snippet:-1","max-image-preview":"max-image-preview:large","max-video-preview":"max-video-preview:-1"},"canonical":"https:\/\/xenexdesign.com\/sk\/sluzby\/realizacia\/","og_locale":"sk_SK","og_type":"article","og_title":"Realiz\u00e1cia a vybavenie projektu | XENEX DESIGN","og_description":"Nespo\u010detn\u00e9 mo\u017enosti materi\u00e1lov a r\u00f4znych postupov... m\u00e1me ich v\u0161etky pokryt\u00e9. Len sk\u00fasenosti v\u0161ak prin\u00e1\u0161aj\u00fa odborn\u00e9 znalosti, ktor\u00e9 umo\u017e\u0148uj\u00fa dosiahnu\u0165 ucelen\u00e9 v\u00fdsledky s osobitou dizajnovou identitou.","og_url":"https:\/\/xenexdesign.com\/sk\/sluzby\/realizacia\/","og_site_name":"XENEX DESIGN","article_publisher":"https:\/\/www.facebook.com\/XenexDesign\/","article_modified_time":"2025-01-28T11:42:02+00:00","twitter_card":"summary_large_image","twitter_misc":{"Predpokladan\u00fd \u010das \u010d\u00edtania":"1 min\u00fata"},"schema":{"@context":"https:\/\/schema.org","@graph":[{"@type":"WebPage","@id":"https:\/\/xenexdesign.com\/sk\/sluzby\/realizacia\/","url":"https:\/\/xenexdesign.com\/sk\/sluzby\/realizacia\/","name":"Realiz\u00e1cia a vybavenie projektu | XENEX DESIGN","isPartOf":{"@id":"https:\/\/xenexdesign.com\/#website"},"datePublished":"2024-09-26T07:08:01+00:00","dateModified":"2025-01-28T11:42:02+00:00","description":"Nespo\u010detn\u00e9 mo\u017enosti materi\u00e1lov a r\u00f4znych postupov... m\u00e1me ich v\u0161etky pokryt\u00e9. Len sk\u00fasenosti v\u0161ak prin\u00e1\u0161aj\u00fa odborn\u00e9 znalosti, ktor\u00e9 umo\u017e\u0148uj\u00fa dosiahnu\u0165 ucelen\u00e9 v\u00fdsledky s osobitou dizajnovou identitou.","breadcrumb":{"@id":"https:\/\/xenexdesign.com\/sk\/sluzby\/realizacia\/#breadcrumb"},"inLanguage":"sk-SK","potentialAction":[{"@type":"ReadAction","target":["https:\/\/xenexdesign.com\/sk\/sluzby\/realizacia\/"]}]},{"@type":"BreadcrumbList","@id":"https:\/\/xenexdesign.com\/sk\/sluzby\/realizacia\/#breadcrumb","itemListElement":[{"@type":"ListItem","position":1,"name":"Home","item":"https:\/\/xenexdesign.com\/"},{"@type":"ListItem","position":2,"name":"Slu\u017eby","item":"https:\/\/xenexdesign.com\/sk\/sluzby\/"},{"@type":"ListItem","position":3,"name":"Realiz\u00e1cia"}]},{"@type":"WebSite","@id":"https:\/\/xenexdesign.com\/#website","url":"https:\/\/xenexdesign.com\/","name":"XENEX DESIGN","description":"","publisher":{"@id":"https:\/\/xenexdesign.com\/#organization"},"potentialAction":[{"@type":"SearchAction","target":{"@type":"EntryPoint","urlTemplate":"https:\/\/xenexdesign.com\/?s={search_term_string}"},"query-input":{"@type":"PropertyValueSpecification","valueRequired":true,"valueName":"search_term_string"}}],"inLanguage":"sk-SK"},{"@type":"Organization","@id":"https:\/\/xenexdesign.com\/#organization","name":"XENEX, s.r.o","url":"https:\/\/xenexdesign.com\/","logo":{"@type":"ImageObject","inLanguage":"sk-SK","@id":"https:\/\/xenexdesign.com\/#\/schema\/logo\/image\/","url":"https:\/\/xenexdesign.com\/wp-content\/uploads\/2021\/05\/logo-xd.svg","contentUrl":"https:\/\/xenexdesign.com\/wp-content\/uploads\/2021\/05\/logo-xd.svg","width":121,"height":66,"caption":"XENEX, s.r.o"},"image":{"@id":"https:\/\/xenexdesign.com\/#\/schema\/logo\/image\/"},"sameAs":["https:\/\/www.facebook.com\/XenexDesign\/","https:\/\/sk.linkedin.com\/company\/xenex-design","https:\/\/www.instagram.com\/xenexdesign\/"]}]}},"_links":{"self":[{"href":"https:\/\/xenexdesign.com\/sk\/wp-json\/wp\/v2\/pages\/9471"}],"collection":[{"href":"https:\/\/xenexdesign.com\/sk\/wp-json\/wp\/v2\/pages"}],"about":[{"href":"https:\/\/xenexdesign.com\/sk\/wp-json\/wp\/v2\/types\/page"}],"author":[{"embeddable":true,"href":"https:\/\/xenexdesign.com\/sk\/wp-json\/wp\/v2\/users\/1"}],"replies":[{"embeddable":true,"href":"https:\/\/xenexdesign.com\/sk\/wp-json\/wp\/v2\/comments?post=9471"}],"version-history":[{"count":1,"href":"https:\/\/xenexdesign.com\/sk\/wp-json\/wp\/v2\/pages\/9471\/revisions"}],"predecessor-version":[{"id":9472,"href":"https:\/\/xenexdesign.com\/sk\/wp-json\/wp\/v2\/pages\/9471\/revisions\/9472"}],"up":[{"embeddable":true,"href":"https:\/\/xenexdesign.com\/sk\/wp-json\/wp\/v2\/pages\/9456"}],"wp:attachment":[{"href":"https:\/\/xenexdesign.com\/sk\/wp-json\/wp\/v2\/media?parent=9471"}],"curies":[{"name":"wp","href":"https:\/\/api.w.org\/{rel}","templated":true}]}}