{"id":9473,"date":"2024-09-26T09:08:20","date_gmt":"2024-09-26T07:08:20","guid":{"rendered":"https:\/\/xenexdesign.com\/sluzby\/manazment\/"},"modified":"2025-01-28T12:42:02","modified_gmt":"2025-01-28T11:42:02","slug":"manazment","status":"publish","type":"page","link":"https:\/\/xenexdesign.com\/sk\/sluzby\/manazment\/","title":{"rendered":"Mana\u017ement"},"content":{"rendered":"\t\t<div data-elementor-type=\"wp-page\" data-elementor-id=\"9473\" class=\"elementor elementor-9473 elementor-7450\" data-elementor-post-type=\"page\">\n\t\t\t\t<div class=\"elementor-element elementor-element-bb99dfe e-flex e-con-boxed lakit-col-width-auto-no e-container e-root-container elementor-top-section e-con e-parent\" data-id=\"bb99dfe\" data-element_type=\"container\" data-settings=\"{&quot;background_background&quot;:&quot;classic&quot;}\">\n\t\t\t\t\t<div class=\"e-con-inner\">\n\t\t\t\t<div class=\"elementor-element elementor-element-4dc220e elementor-invisible elementor-widget elementor-widget-heading\" data-id=\"4dc220e\" data-element_type=\"widget\" data-settings=\"{&quot;_animation&quot;:&quot;fadeInUp&quot;}\" data-widget_type=\"heading.default\">\n\t\t\t\t\t<h1 class=\"elementor-heading-title elementor-size-default\">Na\u0161e slu\u017eby<\/h1>\t\t\t\t<\/div>\n\t\t\t\t\t<\/div>\n\t\t\t\t<\/div>\n\t\t<div class=\"elementor-element elementor-element-84c2dbc e-flex e-con-boxed lakit-col-width-auto-no e-container e-root-container elementor-top-section e-con e-parent\" data-id=\"84c2dbc\" data-element_type=\"container\" data-settings=\"{&quot;background_background&quot;:&quot;classic&quot;}\">\n\t\t\t\t\t<div class=\"e-con-inner\">\n\t\t\t\t\t<\/div>\n\t\t\t\t<\/div>\n\t\t<div class=\"elementor-element elementor-element-972133d e-flex e-con-boxed lakit-col-width-auto-no e-container e-root-container elementor-top-section e-con e-parent\" data-id=\"972133d\" data-element_type=\"container\" data-settings=\"{&quot;background_background&quot;:&quot;classic&quot;}\">\n\t\t\t\t\t<div class=\"e-con-inner\">\n\t\t<div class=\"elementor-element elementor-element-aea6718 e-con-full services-sidebar e-flex lakit-col-width-auto-no e-container e-con e-child\" data-id=\"aea6718\" data-element_type=\"container\" data-settings=\"{&quot;background_background&quot;:&quot;classic&quot;}\">\n\t\t\t\t<div class=\"elementor-element elementor-element-30ca5c1 lakit-nav-line-animation-none elementor-invisible elementor-widget lastudio-kit elementor-lakit-nav-menu\" data-id=\"30ca5c1\" data-element_type=\"widget\" data-settings=\"{&quot;_animation&quot;:&quot;fadeInLeft&quot;}\" data-widget_type=\"lakit-nav-menu.default\">\n\t\t\t\t\t<div class=\"lakit-nav-wrap lakit-nav-wrap-30ca5c1\" data-effect=\"\" data-dlconfig=\"{&quot;backtext&quot;:&quot;&lt;span&gt;Back&lt;\\\/span&gt;&quot;,&quot;backicon&quot;:null,&quot;triggericon&quot;:&quot;&lt;i class=\\&quot;lastudioicon-right-arrow\\&quot;&gt;&lt;\\\/i&gt;&quot;}\"><div class=\"lakit-nav-menuwrap lakit-nav-menuwrap-30ca5c1\"><div class=\"lakit-nav lakit-nav-30ca5c1 lakit-nav--vertical lakit-nav--vertical-sub-right-side\"><div class=\"menu-item menu-item-type-post_type menu-item-object-page lakit-nav-id-30ca5c1 lakit-nav__item--default lakit-nav__item-10653 lakit-nav__item\"><a href=\"https:\/\/xenexdesign.com\/sk\/sluzby\/dizajn\/\" class=\"menu-item-link menu-item-link-depth-0 menu-item-link-top\"><span class=\"lakit-nav-link-inner\" style=\"\"><span class=\"lakit-nav-link-text\"><span class=\"menu-text\">Dizajn<\/span><\/span><\/span><\/a><\/div>\n<div class=\"menu-item menu-item-type-post_type menu-item-object-page lakit-nav-id-30ca5c1 lakit-nav__item--default lakit-nav__item-10654 lakit-nav__item\"><a href=\"https:\/\/xenexdesign.com\/sk\/sluzby\/vyroba\/\" class=\"menu-item-link menu-item-link-depth-0 menu-item-link-top\"><span class=\"lakit-nav-link-inner\" style=\"\"><span class=\"lakit-nav-link-text\"><span class=\"menu-text\">V\u00fdroba<\/span><\/span><\/span><\/a><\/div>\n<div class=\"menu-item menu-item-type-post_type menu-item-object-page lakit-nav-id-30ca5c1 lakit-nav__item--default lakit-nav__item-10655 lakit-nav__item\"><a href=\"https:\/\/xenexdesign.com\/sk\/sluzby\/realizacia\/\" class=\"menu-item-link menu-item-link-depth-0 menu-item-link-top\"><span class=\"lakit-nav-link-inner\" style=\"\"><span class=\"lakit-nav-link-text\"><span class=\"menu-text\">Realiz\u00e1cia<\/span><\/span><\/span><\/a><\/div>\n<div class=\"menu-item menu-item-type-post_type menu-item-object-page lakit-nav-id-30ca5c1 lakit-nav__item--default lakit-nav__item-10656 lakit-nav__item\"><a href=\"https:\/\/xenexdesign.com\/sk\/sluzby\/manazment\/\" class=\"menu-item-link menu-item-link-depth-0 menu-item-link-top\"><span class=\"lakit-nav-link-inner\" style=\"\"><span class=\"lakit-nav-link-text\"><span class=\"menu-text\">Mana\u017ement<\/span><\/span><\/span><\/a><\/div>\n<div class=\"menu-item menu-item-type-post_type menu-item-object-page lakit-nav-id-30ca5c1 lakit-nav__item--default lakit-nav__item-10657 lakit-nav__item\"><a href=\"https:\/\/xenexdesign.com\/sk\/sluzby\/zavazok\/\" class=\"menu-item-link menu-item-link-depth-0 menu-item-link-top\"><span class=\"lakit-nav-link-inner\" style=\"\"><span class=\"lakit-nav-link-text\"><span class=\"menu-text\">Z\u00e1v\u00e4zok<\/span><\/span><\/span><\/a><\/div>\n<\/div><\/div><\/div>\t\t\t\t<\/div>\n\t\t\t\t<\/div>\n\t\t<div class=\"elementor-element elementor-element-8eef922 e-con-full e-flex lakit-col-width-auto-no e-container e-con e-child\" data-id=\"8eef922\" data-element_type=\"container\">\n\t\t\t\t<div class=\"elementor-element elementor-element-542c11d elementor-invisible elementor-widget elementor-widget-heading\" data-id=\"542c11d\" data-element_type=\"widget\" data-settings=\"{&quot;_animation&quot;:&quot;fadeInRight&quot;}\" data-widget_type=\"heading.default\">\n\t\t\t\t\t<h2 class=\"elementor-heading-title elementor-size-default\">Riadenie projektu a zostavovanie rozpo\u010dtu<\/h2>\t\t\t\t<\/div>\n\t\t\t\t<div class=\"elementor-element elementor-element-9288bc9 elementor-invisible elementor-widget elementor-widget-text-editor\" data-id=\"9288bc9\" data-element_type=\"widget\" data-settings=\"{&quot;_animation&quot;:&quot;fadeInRight&quot;}\" data-widget_type=\"text-editor.default\">\n\t\t\t\t\t\t\t\t\t<p>K\u013e\u00fa\u010dom k \u00faspechu je pr\u00edprava. Vyprac\u00favame kompletn\u00e9 \u0161t\u00fadie uskuto\u010dnite\u013enosti na pos\u00fadenie finan\u010dn\u00fdch a realiza\u010dn\u00fdch parametrov ka\u017ed\u00e9ho projektu. Po\u017eiadavky na t\u00edm a s\u00fabor zru\u010dnost\u00ed pre ka\u017ed\u00fd projekt sa individu\u00e1lne vyhodnocuj\u00fa a vyberaj\u00fa tak, aby sa dosiahol \u010do najvy\u0161\u0161\u00ed v\u00fdkon. Projektov\u00fd mana\u017ement poskytuje kone\u010dn\u00fa f\u00e1zu, aby sa zabezpe\u010dilo, \u017ee ka\u017ed\u00fd projekt je jasne komunikovan\u00fd, v\u010das dodan\u00fd a n\u00e1kladovo efekt\u00edvne realizovan\u00fd.<\/p>\n\t\t\t\t\t\t\t\t<\/div>\n\t\t\t\t<\/div>\n\t\t\t\t\t<\/div>\n\t\t\t\t<\/div>\n\t\t<div class=\"elementor-element elementor-element-1731df7 e-flex e-con-boxed lakit-col-width-auto-no elementor-invisible e-container e-root-container elementor-top-section e-con e-parent\" data-id=\"1731df7\" data-element_type=\"container\" data-settings=\"{&quot;background_background&quot;:&quot;classic&quot;,&quot;animation&quot;:&quot;fadeIn&quot;}\">\n\t\t\t\t\t<div class=\"e-con-inner\">\n\t\t\t\t\t<\/div>\n\t\t\t\t<\/div>\n\t\t\t\t<\/div>\n\t\t","protected":false},"excerpt":{"rendered":"<p>Na\u0161e slu\u017eby Design Manufacturing Realisation Management Commitment Riadenie projektu a zostavovanie rozpo\u010dtu K\u013e\u00fa\u010dom k \u00faspechu je pr\u00edprava. Vyprac\u00favame kompletn\u00e9 \u0161t\u00fadie uskuto\u010dnite\u013enosti na pos\u00fadenie finan\u010dn\u00fdch a realiza\u010dn\u00fdch parametrov ka\u017ed\u00e9ho projektu. Po\u017eiadavky na t\u00edm a s\u00fabor zru\u010dnost\u00ed pre ka\u017ed\u00fd [&hellip;]<\/p>\n","protected":false},"author":1,"featured_media":0,"parent":9456,"menu_order":0,"comment_status":"closed","ping_status":"closed","template":"","meta":{"footnotes":""},"class_list":["post-9473","page","type-page","status-publish","hentry"],"yoast_head":"<!-- This site is optimized with the Yoast SEO plugin v24.3 - https:\/\/yoast.com\/wordpress\/plugins\/seo\/ -->\n<title>Riadenie projektov a zostavovanie rozpo\u010dtu | XENEX DESIGN<\/title>\n<meta name=\"description\" content=\"K\u013e\u00fa\u010dom k \u00faspechu je pr\u00edprava. Vyprac\u00favame kompletn\u00e9 \u0161t\u00fadie uskuto\u010dnite\u013enosti na pos\u00fadenie finan\u010dn\u00fdch a realiza\u010dn\u00fdch parametrov ka\u017ed\u00e9ho projektu.\" \/>\n<meta name=\"robots\" content=\"index, follow, max-snippet:-1, max-image-preview:large, max-video-preview:-1\" \/>\n<link rel=\"canonical\" href=\"https:\/\/xenexdesign.com\/sk\/sluzby\/manazment\/\" \/>\n<meta property=\"og:locale\" content=\"sk_SK\" \/>\n<meta property=\"og:type\" content=\"article\" \/>\n<meta property=\"og:title\" content=\"Riadenie projektov a zostavovanie rozpo\u010dtu | XENEX DESIGN\" \/>\n<meta property=\"og:description\" content=\"K\u013e\u00fa\u010dom k \u00faspechu je pr\u00edprava. Vyprac\u00favame kompletn\u00e9 \u0161t\u00fadie uskuto\u010dnite\u013enosti na pos\u00fadenie finan\u010dn\u00fdch a realiza\u010dn\u00fdch parametrov ka\u017ed\u00e9ho projektu.\" \/>\n<meta property=\"og:url\" content=\"https:\/\/xenexdesign.com\/sk\/sluzby\/manazment\/\" \/>\n<meta property=\"og:site_name\" content=\"XENEX DESIGN\" \/>\n<meta property=\"article:publisher\" content=\"https:\/\/www.facebook.com\/XenexDesign\/\" \/>\n<meta property=\"article:modified_time\" content=\"2025-01-28T11:42:02+00:00\" \/>\n<meta name=\"twitter:card\" content=\"summary_large_image\" \/>\n<meta name=\"twitter:label1\" content=\"Predpokladan\u00fd \u010das \u010d\u00edtania\" \/>\n\t<meta name=\"twitter:data1\" content=\"1 min\u00fata\" \/>\n<script type=\"application\/ld+json\" class=\"yoast-schema-graph\">{\"@context\":\"https:\/\/schema.org\",\"@graph\":[{\"@type\":\"WebPage\",\"@id\":\"https:\/\/xenexdesign.com\/sk\/sluzby\/manazment\/\",\"url\":\"https:\/\/xenexdesign.com\/sk\/sluzby\/manazment\/\",\"name\":\"Riadenie projektov a zostavovanie rozpo\u010dtu | XENEX DESIGN\",\"isPartOf\":{\"@id\":\"https:\/\/xenexdesign.com\/#website\"},\"datePublished\":\"2024-09-26T07:08:20+00:00\",\"dateModified\":\"2025-01-28T11:42:02+00:00\",\"description\":\"K\u013e\u00fa\u010dom k \u00faspechu je pr\u00edprava. Vyprac\u00favame kompletn\u00e9 \u0161t\u00fadie uskuto\u010dnite\u013enosti na pos\u00fadenie finan\u010dn\u00fdch a realiza\u010dn\u00fdch parametrov ka\u017ed\u00e9ho projektu.\",\"breadcrumb\":{\"@id\":\"https:\/\/xenexdesign.com\/sk\/sluzby\/manazment\/#breadcrumb\"},\"inLanguage\":\"sk-SK\",\"potentialAction\":[{\"@type\":\"ReadAction\",\"target\":[\"https:\/\/xenexdesign.com\/sk\/sluzby\/manazment\/\"]}]},{\"@type\":\"BreadcrumbList\",\"@id\":\"https:\/\/xenexdesign.com\/sk\/sluzby\/manazment\/#breadcrumb\",\"itemListElement\":[{\"@type\":\"ListItem\",\"position\":1,\"name\":\"Home\",\"item\":\"https:\/\/xenexdesign.com\/\"},{\"@type\":\"ListItem\",\"position\":2,\"name\":\"Slu\u017eby\",\"item\":\"https:\/\/xenexdesign.com\/sk\/sluzby\/\"},{\"@type\":\"ListItem\",\"position\":3,\"name\":\"Mana\u017ement\"}]},{\"@type\":\"WebSite\",\"@id\":\"https:\/\/xenexdesign.com\/#website\",\"url\":\"https:\/\/xenexdesign.com\/\",\"name\":\"XENEX DESIGN\",\"description\":\"\",\"publisher\":{\"@id\":\"https:\/\/xenexdesign.com\/#organization\"},\"potentialAction\":[{\"@type\":\"SearchAction\",\"target\":{\"@type\":\"EntryPoint\",\"urlTemplate\":\"https:\/\/xenexdesign.com\/?s={search_term_string}\"},\"query-input\":{\"@type\":\"PropertyValueSpecification\",\"valueRequired\":true,\"valueName\":\"search_term_string\"}}],\"inLanguage\":\"sk-SK\"},{\"@type\":\"Organization\",\"@id\":\"https:\/\/xenexdesign.com\/#organization\",\"name\":\"XENEX, s.r.o\",\"url\":\"https:\/\/xenexdesign.com\/\",\"logo\":{\"@type\":\"ImageObject\",\"inLanguage\":\"sk-SK\",\"@id\":\"https:\/\/xenexdesign.com\/#\/schema\/logo\/image\/\",\"url\":\"https:\/\/xenexdesign.com\/wp-content\/uploads\/2021\/05\/logo-xd.svg\",\"contentUrl\":\"https:\/\/xenexdesign.com\/wp-content\/uploads\/2021\/05\/logo-xd.svg\",\"width\":121,\"height\":66,\"caption\":\"XENEX, s.r.o\"},\"image\":{\"@id\":\"https:\/\/xenexdesign.com\/#\/schema\/logo\/image\/\"},\"sameAs\":[\"https:\/\/www.facebook.com\/XenexDesign\/\",\"https:\/\/sk.linkedin.com\/company\/xenex-design\",\"https:\/\/www.instagram.com\/xenexdesign\/\"]}]}<\/script>\n<!-- \/ Yoast SEO plugin. -->","yoast_head_json":{"title":"Riadenie projektov a zostavovanie rozpo\u010dtu | XENEX DESIGN","description":"K\u013e\u00fa\u010dom k \u00faspechu je pr\u00edprava. Vyprac\u00favame kompletn\u00e9 \u0161t\u00fadie uskuto\u010dnite\u013enosti na pos\u00fadenie finan\u010dn\u00fdch a realiza\u010dn\u00fdch parametrov ka\u017ed\u00e9ho projektu.","robots":{"index":"index","follow":"follow","max-snippet":"max-snippet:-1","max-image-preview":"max-image-preview:large","max-video-preview":"max-video-preview:-1"},"canonical":"https:\/\/xenexdesign.com\/sk\/sluzby\/manazment\/","og_locale":"sk_SK","og_type":"article","og_title":"Riadenie projektov a zostavovanie rozpo\u010dtu | XENEX DESIGN","og_description":"K\u013e\u00fa\u010dom k \u00faspechu je pr\u00edprava. Vyprac\u00favame kompletn\u00e9 \u0161t\u00fadie uskuto\u010dnite\u013enosti na pos\u00fadenie finan\u010dn\u00fdch a realiza\u010dn\u00fdch parametrov ka\u017ed\u00e9ho projektu.","og_url":"https:\/\/xenexdesign.com\/sk\/sluzby\/manazment\/","og_site_name":"XENEX DESIGN","article_publisher":"https:\/\/www.facebook.com\/XenexDesign\/","article_modified_time":"2025-01-28T11:42:02+00:00","twitter_card":"summary_large_image","twitter_misc":{"Predpokladan\u00fd \u010das \u010d\u00edtania":"1 min\u00fata"},"schema":{"@context":"https:\/\/schema.org","@graph":[{"@type":"WebPage","@id":"https:\/\/xenexdesign.com\/sk\/sluzby\/manazment\/","url":"https:\/\/xenexdesign.com\/sk\/sluzby\/manazment\/","name":"Riadenie projektov a zostavovanie rozpo\u010dtu | XENEX DESIGN","isPartOf":{"@id":"https:\/\/xenexdesign.com\/#website"},"datePublished":"2024-09-26T07:08:20+00:00","dateModified":"2025-01-28T11:42:02+00:00","description":"K\u013e\u00fa\u010dom k \u00faspechu je pr\u00edprava. Vyprac\u00favame kompletn\u00e9 \u0161t\u00fadie uskuto\u010dnite\u013enosti na pos\u00fadenie finan\u010dn\u00fdch a realiza\u010dn\u00fdch parametrov ka\u017ed\u00e9ho projektu.","breadcrumb":{"@id":"https:\/\/xenexdesign.com\/sk\/sluzby\/manazment\/#breadcrumb"},"inLanguage":"sk-SK","potentialAction":[{"@type":"ReadAction","target":["https:\/\/xenexdesign.com\/sk\/sluzby\/manazment\/"]}]},{"@type":"BreadcrumbList","@id":"https:\/\/xenexdesign.com\/sk\/sluzby\/manazment\/#breadcrumb","itemListElement":[{"@type":"ListItem","position":1,"name":"Home","item":"https:\/\/xenexdesign.com\/"},{"@type":"ListItem","position":2,"name":"Slu\u017eby","item":"https:\/\/xenexdesign.com\/sk\/sluzby\/"},{"@type":"ListItem","position":3,"name":"Mana\u017ement"}]},{"@type":"WebSite","@id":"https:\/\/xenexdesign.com\/#website","url":"https:\/\/xenexdesign.com\/","name":"XENEX DESIGN","description":"","publisher":{"@id":"https:\/\/xenexdesign.com\/#organization"},"potentialAction":[{"@type":"SearchAction","target":{"@type":"EntryPoint","urlTemplate":"https:\/\/xenexdesign.com\/?s={search_term_string}"},"query-input":{"@type":"PropertyValueSpecification","valueRequired":true,"valueName":"search_term_string"}}],"inLanguage":"sk-SK"},{"@type":"Organization","@id":"https:\/\/xenexdesign.com\/#organization","name":"XENEX, s.r.o","url":"https:\/\/xenexdesign.com\/","logo":{"@type":"ImageObject","inLanguage":"sk-SK","@id":"https:\/\/xenexdesign.com\/#\/schema\/logo\/image\/","url":"https:\/\/xenexdesign.com\/wp-content\/uploads\/2021\/05\/logo-xd.svg","contentUrl":"https:\/\/xenexdesign.com\/wp-content\/uploads\/2021\/05\/logo-xd.svg","width":121,"height":66,"caption":"XENEX, s.r.o"},"image":{"@id":"https:\/\/xenexdesign.com\/#\/schema\/logo\/image\/"},"sameAs":["https:\/\/www.facebook.com\/XenexDesign\/","https:\/\/sk.linkedin.com\/company\/xenex-design","https:\/\/www.instagram.com\/xenexdesign\/"]}]}},"_links":{"self":[{"href":"https:\/\/xenexdesign.com\/sk\/wp-json\/wp\/v2\/pages\/9473"}],"collection":[{"href":"https:\/\/xenexdesign.com\/sk\/wp-json\/wp\/v2\/pages"}],"about":[{"href":"https:\/\/xenexdesign.com\/sk\/wp-json\/wp\/v2\/types\/page"}],"author":[{"embeddable":true,"href":"https:\/\/xenexdesign.com\/sk\/wp-json\/wp\/v2\/users\/1"}],"replies":[{"embeddable":true,"href":"https:\/\/xenexdesign.com\/sk\/wp-json\/wp\/v2\/comments?post=9473"}],"version-history":[{"count":1,"href":"https:\/\/xenexdesign.com\/sk\/wp-json\/wp\/v2\/pages\/9473\/revisions"}],"predecessor-version":[{"id":9475,"href":"https:\/\/xenexdesign.com\/sk\/wp-json\/wp\/v2\/pages\/9473\/revisions\/9475"}],"up":[{"embeddable":true,"href":"https:\/\/xenexdesign.com\/sk\/wp-json\/wp\/v2\/pages\/9456"}],"wp:attachment":[{"href":"https:\/\/xenexdesign.com\/sk\/wp-json\/wp\/v2\/media?parent=9473"}],"curies":[{"name":"wp","href":"https:\/\/api.w.org\/{rel}","templated":true}]}}